{"id":608,"date":"2022-06-10T19:22:20","date_gmt":"2022-06-10T19:22:20","guid":{"rendered":"https:\/\/demo.themedraft.net\/wp\/doctio\/?page_id=608"},"modified":"2025-07-01T15:27:48","modified_gmt":"2025-07-01T15:27:48","slug":"quienes-somos","status":"publish","type":"page","link":"https:\/\/constructoramcf.cl\/?page_id=608","title":{"rendered":"Nuestra Empresa"},"content":{"rendered":"\t\t<div data-elementor-type=\"wp-page\" data-elementor-id=\"608\" class=\"elementor elementor-608\">\n\t\t\t\t\t\t<section class=\"elementor-section elementor-top-section elementor-element elementor-element-433d3c3b elementor-section-stretched elementor-section-boxed elementor-section-height-default elementor-section-height-default\" data-id=\"433d3c3b\" data-element_type=\"section\" data-settings=\"{&quot;stretch_section&quot;:&quot;section-stretched&quot;}\">\n\t\t\t\t\t\t<div class=\"elementor-container elementor-column-gap-default\">\n\t\t\t\t\t<div class=\"elementor-column elementor-col-50 elementor-top-column elementor-element elementor-element-2ec804cd\" data-id=\"2ec804cd\" data-element_type=\"column\">\n\t\t\t<div class=\"elementor-widget-wrap elementor-element-populated\">\n\t\t\t\t\t\t<div class=\"elementor-element elementor-element-7f8a77d3 elementor-widget elementor-widget-themedraft_section_title\" data-id=\"7f8a77d3\" data-element_type=\"widget\" data-widget_type=\"themedraft_section_title.default\">\n\t\t\t\t<div class=\"elementor-widget-container\">\n\t\t\t\t\t\n\t\t<div class=\"td-section-title-wrapper\">\n            <div class=\"td-section-title-content td-secondary-font\">\n                                    <div class=\"td-section-title-bg-text\">\n                        MCF                    <\/div>\n                \n                                    <div class=\"td-section-subtitle td-primary-color\">\n                        CONSTRUCTORA MCF                    <\/div>\n                \n                                    <div class=\"td-section-title\">\n                        <h2>Nuestra Empresa<\/h2>\u00a0                    <\/div>\n                                        <div class=\"title-bottom-line\" style=\"background-image: url(https:\/\/demo.themedraft.net\/wp\/doctio\/wp-content\/uploads\/2022\/06\/line-1.png)\"><\/div>\n                                                <\/div>\n\t\t<\/div>\n\t\t\t\t\t\t<\/div>\n\t\t\t\t<\/div>\n\t\t\t\t<div class=\"elementor-element elementor-element-6b2eb3ed elementor-widget elementor-widget-themedraft_text\" data-id=\"6b2eb3ed\" data-element_type=\"widget\" data-widget_type=\"themedraft_text.default\">\n\t\t\t\t<div class=\"elementor-widget-container\">\n\t\t\t\t\t\n\t\t<div class=\"td-text-wrapper\">\n\t\t\t<p>En <strong data-start=\"150\" data-end=\"170\">Constructora MCF<\/strong> nos especializamos en brindar soluciones integrales en construcci\u00f3n, desempe\u00f1\u00e1ndonos como contratistas y subcontratistas en proyectos p\u00fablicos y privados. Nuestro enfoque se basa en la calidad, la eficiencia y el cumplimiento, valores que aplicamos en cada obra que ejecutamos.<\/p>\n            \t\t<\/div>\n\n\t\t\t\t\t\t<\/div>\n\t\t\t\t<\/div>\n\t\t\t\t<div class=\"elementor-element elementor-element-4c42bbcf elementor-widget elementor-widget-themedraft_promo_box\" data-id=\"4c42bbcf\" data-element_type=\"widget\" data-widget_type=\"themedraft_promo_box.default\">\n\t\t\t\t<div class=\"elementor-widget-container\">\n\t\t\t\t\t\n\t\t<div class=\"td-promo-box-wrapper td-icon-left\">\n\t\t\t<div class=\"row\">\n\t\t\t\t\t\t\t\t\t\t<div class=\"col-xl-12 col-lg-6 col-md-6\">\n\t\t\t\t\t\t\t<div class=\"td-single-promo-box\">\n\t\t\t\t\t\t\t\t<div class=\"td-promo-icon td-primary-color\">\n\t\t\t\t\t\t\t\t\t<svg aria-hidden=\"true\" class=\"e-font-icon-svg e-fas-warehouse\" viewBox=\"0 0 640 512\" xmlns=\"http:\/\/www.w3.org\/2000\/svg\"><path d=\"M504 352H136.4c-4.4 0-8 3.6-8 8l-.1 48c0 4.4 3.6 8 8 8H504c4.4 0 8-3.6 8-8v-48c0-4.4-3.6-8-8-8zm0 96H136.1c-4.4 0-8 3.6-8 8l-.1 48c0 4.4 3.6 8 8 8h368c4.4 0 8-3.6 8-8v-48c0-4.4-3.6-8-8-8zm0-192H136.6c-4.4 0-8 3.6-8 8l-.1 48c0 4.4 3.6 8 8 8H504c4.4 0 8-3.6 8-8v-48c0-4.4-3.6-8-8-8zm106.5-139L338.4 3.7a48.15 48.15 0 0 0-36.9 0L29.5 117C11.7 124.5 0 141.9 0 161.3V504c0 4.4 3.6 8 8 8h80c4.4 0 8-3.6 8-8V256c0-17.6 14.6-32 32.6-32h382.8c18 0 32.6 14.4 32.6 32v248c0 4.4 3.6 8 8 8h80c4.4 0 8-3.6 8-8V161.3c0-19.4-11.7-36.8-29.5-44.3z\"><\/path><\/svg>\t\t\t\t\t\t\t\t<\/div>\n\n                                <h4 class=\"td-promo-title\">Experiencia y Soluciones a Medida en Cada Proyecto<\/h4>\n\n                                <div class=\"td-promo-desc td-last-p-0\">\n\t                                <p>Contamos con un equipo t\u00e9cnico experimentado y procesos orientados a garantizar resultados seguros, duraderos y ajustados a los requerimientos de cada cliente. Nuestra experiencia abarca desde obras civiles y remodelaciones, hasta la habilitaci\u00f3n de espacios comerciales y fabricaci\u00f3n de mobiliario especializado.<\/p>                                <\/div>\n\t\t\t\t\t\t\t<\/div>\n\t\t\t\t\t\t<\/div>\n\t\t\t\t\t\t\t\t\t\t<div class=\"col-xl-12 col-lg-6 col-md-6\">\n\t\t\t\t\t\t\t<div class=\"td-single-promo-box\">\n\t\t\t\t\t\t\t\t<div class=\"td-promo-icon td-primary-color\">\n\t\t\t\t\t\t\t\t\t<i aria-hidden=\"true\" class=\"td-icon flaticon-medical-laboratory\"><\/i>\t\t\t\t\t\t\t\t<\/div>\n\n                                <h4 class=\"td-promo-title\">Construimos Confianza, Cumplimos Compromisos<\/h4>\n\n                                <div class=\"td-promo-desc td-last-p-0\">\n\t                                <p>Creemos en el trabajo bien hecho, en el respeto por los plazos y en construir relaciones de largo plazo con quienes conf\u00edan en nosotros. Porque en cada proyecto, nuestro compromiso es con el resultado.<\/p>                                <\/div>\n\t\t\t\t\t\t\t<\/div>\n\t\t\t\t\t\t<\/div>\n\t\t\t\t\t\t\t<\/div>\n\t\t<\/div>\n\n\t\t\t\t\t\t<\/div>\n\t\t\t\t<\/div>\n\t\t\t\t<div class=\"elementor-element elementor-element-4a0a8e27 elementor-widget elementor-widget-themedraft_button_widget\" data-id=\"4a0a8e27\" data-element_type=\"widget\" data-widget_type=\"themedraft_button_widget.default\">\n\t\t\t\t<div class=\"elementor-widget-container\">\n\t\t\t\t\t\n\t\t<div class=\"themedraft-button-wrapper td-button-el-widget\">\n\t\t\t<a href=\"https:\/\/constructoramcf.cl\/?page_id=629\" class=\"themedraft-button td-button themedraft-button-one\" >Conversemos                <i class=\"fas fa-plus\"><\/i>\n            <\/a>\n\n\t\t\t\n                \n                <a class=\"td-call-button\" href=\"tel:+56%209%207592%204282\">\n                    <i class=\"flaticon-phone-call\"><\/i>\n                    <span class=\"td-call-button-text\">+56 9 7592 4282<\/span>\n                <\/a>\n                \t\t\t\t\t<\/div>\n\t\t\t\t\t\t<\/div>\n\t\t\t\t<\/div>\n\t\t\t\t\t<\/div>\n\t\t<\/div>\n\t\t\t\t<div class=\"elementor-column elementor-col-50 elementor-top-column elementor-element elementor-element-5ceb424b\" data-id=\"5ceb424b\" data-element_type=\"column\">\n\t\t\t<div class=\"elementor-widget-wrap elementor-element-populated\">\n\t\t\t\t\t\t<div class=\"elementor-element elementor-element-57bbf0af elementor-widget elementor-widget-themedraft_image_with_caption\" data-id=\"57bbf0af\" data-element_type=\"widget\" data-widget_type=\"themedraft_image_with_caption.default\">\n\t\t\t\t<div class=\"elementor-widget-container\">\n\t\t\t\t\t\n\t\t<div class=\"td-img-caption-wrapper td-secondary-font\">\n            <div class=\"td-caption-images\">\n                <div class=\"td-caption-img-one td-cover-bg\" style=\"background-image: url(https:\/\/constructoramcf.cl\/wp-content\/uploads\/2025\/06\/20-scaled.jpeg)\"><\/div>\n                <div class=\"td-caption-img-two td-cover-bg\" style=\"background-image: url(https:\/\/constructoramcf.cl\/wp-content\/uploads\/2025\/06\/21-scaled.jpeg)\"><\/div>\n\n                <div class=\"td-img-caption\">\n                    <span>10 <\/span>A\u00f1os de Experiencia en el Mercado                 <\/div>\n            <\/div>\n\t\t<\/div>\n\n\t\t\t\t\t\t<\/div>\n\t\t\t\t<\/div>\n\t\t\t\t\t<\/div>\n\t\t<\/div>\n\t\t\t\t\t<\/div>\n\t\t<\/section>\n\t\t\t\t<section class=\"elementor-section elementor-top-section elementor-element elementor-element-5631ca09 elementor-section-stretched elementor-section-boxed elementor-section-height-default elementor-section-height-default\" data-id=\"5631ca09\" data-element_type=\"section\" data-settings=\"{&quot;stretch_section&quot;:&quot;section-stretched&quot;}\">\n\t\t\t\t\t\t<div class=\"elementor-container elementor-column-gap-default\">\n\t\t\t\t\t<div class=\"elementor-column elementor-col-33 elementor-top-column elementor-element elementor-element-2183edc5\" data-id=\"2183edc5\" data-element_type=\"column\">\n\t\t\t<div class=\"elementor-widget-wrap elementor-element-populated\">\n\t\t\t\t\t\t<div class=\"elementor-element elementor-element-5a358cda elementor-widget elementor-widget-themedraft_section_title\" data-id=\"5a358cda\" data-element_type=\"widget\" data-widget_type=\"themedraft_section_title.default\">\n\t\t\t\t<div class=\"elementor-widget-container\">\n\t\t\t\t\t\n\t\t<div class=\"td-section-title-wrapper\">\n            <div class=\"td-section-title-content td-secondary-font\">\n                                    <div class=\"td-section-title-bg-text\">\n                        MCF                    <\/div>\n                \n                                    <div class=\"td-section-subtitle td-primary-color\">\n                        Constructora MCF                    <\/div>\n                \n                                    <div class=\"td-section-title\">\n                        <h2>\u00bfPor qu\u00e9 elegir a Constructora MCF?<\/h2>                    <\/div>\n                                        <div class=\"title-bottom-line\" style=\"background-image: url(https:\/\/demo.themedraft.net\/wp\/doctio\/wp-content\/uploads\/2022\/06\/line-1.png)\"><\/div>\n                                                <\/div>\n\t\t<\/div>\n\t\t\t\t\t\t<\/div>\n\t\t\t\t<\/div>\n\t\t\t\t<div class=\"elementor-element elementor-element-6fad022 elementor-widget elementor-widget-themedraft_text\" data-id=\"6fad022\" data-element_type=\"widget\" data-widget_type=\"themedraft_text.default\">\n\t\t\t\t<div class=\"elementor-widget-container\">\n\t\t\t\t\t\n\t\t<div class=\"td-text-wrapper\">\n\t\t\t<p data-start=\"222\" data-end=\"486\">Nos destacamos por nuestra capacidad de adaptarnos a cada proyecto, cumpliendo con altos est\u00e1ndares t\u00e9cnicos, normativos y de seguridad.<\/p><p data-start=\"488\" data-end=\"753\">Trabajar con nosotros significa contar con un equipo profesional que entiende la importancia de los plazos, el presupuesto y la calidad en cada etapa. Desde la obra gruesa hasta los \u00faltimos detalles, asumimos cada desaf\u00edo con responsabilidad y visi\u00f3n a largo plazo.<\/p><p data-start=\"755\" data-end=\"938\">Nuestros clientes nos eligen porque respondemos con soluciones reales, comunicaci\u00f3n clara y un enfoque pr\u00e1ctico que garantiza tranquilidad y confianza en todo el proceso constructivo.<\/p>\n            \t\t<\/div>\n\n\t\t\t\t\t\t<\/div>\n\t\t\t\t<\/div>\n\t\t\t\t\t<\/div>\n\t\t<\/div>\n\t\t\t\t<div class=\"elementor-column elementor-col-66 elementor-top-column elementor-element elementor-element-5a72fc58\" data-id=\"5a72fc58\" data-element_type=\"column\">\n\t\t\t<div class=\"elementor-widget-wrap elementor-element-populated\">\n\t\t\t\t\t\t<div class=\"elementor-element elementor-element-4200fb7 elementor-widget elementor-widget-themeDraft_accordion\" data-id=\"4200fb7\" data-element_type=\"widget\" data-widget_type=\"themeDraft_accordion.default\">\n\t\t\t\t<div class=\"elementor-widget-container\">\n\t\t\t\t\t        <div class=\"td-accordion-wrapper td-accordion-wrapper-26561\">\n            <div class=\"accordion\" id=\"td-accordion-26561\">\n\n\t\t\t\t                        <div class=\"accordion-item\">\n                            <h2 class=\"accordion-header\">\n                                <button class=\"accordion-button \" type=\"button\" data-bs-toggle=\"collapse\" data-bs-target=\"#collapse-126561\" aria-expanded=\"true\" aria-controls=\"collapse-126561\">\n\t\t\t\t\t\t\t\t\t01. \u00bfQu\u00e9 diferencia a Constructora MCF de otras empresas del rubro?                                <\/button>\n                            <\/h2>\n\n                            <div id=\"collapse-126561\" class=\"accordion-collapse collapse show\" data-bs-parent=\"#td-accordion-26561\">\n                                <div class=\"accordion-body\">\n\t\t\t\t\t\t\t\t\t<p data-start=\"275\" data-end=\"470\"><strong data-start=\"275\" data-end=\"470\">Nos distingue nuestro compromiso con la calidad, el cumplimiento de plazos y la atenci\u00f3n personalizada. No solo construimos obras, tambi\u00e9n construimos relaciones de confianza a largo plazo.<\/strong><\/p>                                <\/div>\n                            <\/div>\n                        <\/div>\n\t\t\t\t\t\t                        <div class=\"accordion-item\">\n                            <h2 class=\"accordion-header\">\n                                <button class=\"accordion-button collapsed\" type=\"button\" data-bs-toggle=\"collapse\" data-bs-target=\"#collapse-226561\" aria-expanded=\"false\" aria-controls=\"collapse-226561\">\n\t\t\t\t\t\t\t\t\t02. \u00bfQu\u00e9 tipo de proyectos ejecuta Constructora MCF?                                <\/button>\n                            <\/h2>\n\n                            <div id=\"collapse-226561\" class=\"accordion-collapse collapse \" data-bs-parent=\"#td-accordion-26561\">\n                                <div class=\"accordion-body\">\n\t\t\t\t\t\t\t\t\t<p data-start=\"532\" data-end=\"740\"><strong data-start=\"532\" data-end=\"740\">Participamos en obras civiles, remodelaciones, habilitaciones comerciales, estructuras met\u00e1licas y fabricaci\u00f3n de mobiliario para retail, adapt\u00e1ndonos a cada cliente como contratistas o subcontratistas.<\/strong><\/p>                                <\/div>\n                            <\/div>\n                        <\/div>\n\t\t\t\t\t\t                        <div class=\"accordion-item\">\n                            <h2 class=\"accordion-header\">\n                                <button class=\"accordion-button collapsed\" type=\"button\" data-bs-toggle=\"collapse\" data-bs-target=\"#collapse-326561\" aria-expanded=\"false\" aria-controls=\"collapse-326561\">\n\t\t\t\t\t\t\t\t\t03. \u00bfPor qu\u00e9 confiar en Constructora MCF para un nuevo proyecto?                                <\/button>\n                            <\/h2>\n\n                            <div id=\"collapse-326561\" class=\"accordion-collapse collapse \" data-bs-parent=\"#td-accordion-26561\">\n                                <div class=\"accordion-body\">\n\t\t\t\t\t\t\t\t\t<p data-start=\"814\" data-end=\"1019\"><strong data-start=\"814\" data-end=\"1019\">Porque contamos con un equipo t\u00e9cnico experimentado, procesos bien definidos y una trayectoria respaldada por resultados concretos. Asumimos cada proyecto con seriedad, eficiencia y compromiso total.<\/strong><\/p>                                <\/div>\n                            <\/div>\n                        <\/div>\n\t\t\t\t\t\t            <\/div>\n        <\/div>\n\t\t\t\t\t\t<\/div>\n\t\t\t\t<\/div>\n\t\t\t\t\t<\/div>\n\t\t<\/div>\n\t\t\t\t\t<\/div>\n\t\t<\/section>\n\t\t\t\t<\/div>\n\t\t","protected":false},"excerpt":{"rendered":"<p>MCF CONSTRUCTORA MCF Nuestra Empresa \u00a0 En Constructora MCF nos especializamos en brindar soluciones integrales en construcci\u00f3n, desempe\u00f1\u00e1ndonos como contratistas y subcontratistas en proyectos p\u00fablicos y privados. Nuestro enfoque se basa en la calidad, la eficiencia y el cumplimiento, valores que aplicamos en cada obra que ejecutamos. Experiencia y Soluciones a Medida en Cada Proyecto [&hellip;]<\/p>\n","protected":false},"author":1,"featured_media":0,"parent":0,"menu_order":0,"comment_status":"closed","ping_status":"closed","template":"","meta":{"_joinchat":[],"footnotes":""},"class_list":["post-608","page","type-page","status-publish","hentry"],"_links":{"self":[{"href":"https:\/\/constructoramcf.cl\/index.php?rest_route=\/wp\/v2\/pages\/608","targetHints":{"allow":["GET"]}}],"collection":[{"href":"https:\/\/constructoramcf.cl\/index.php?rest_route=\/wp\/v2\/pages"}],"about":[{"href":"https:\/\/constructoramcf.cl\/index.php?rest_route=\/wp\/v2\/types\/page"}],"author":[{"embeddable":true,"href":"https:\/\/constructoramcf.cl\/index.php?rest_route=\/wp\/v2\/users\/1"}],"replies":[{"embeddable":true,"href":"https:\/\/constructoramcf.cl\/index.php?rest_route=%2Fwp%2Fv2%2Fcomments&post=608"}],"version-history":[{"count":66,"href":"https:\/\/constructoramcf.cl\/index.php?rest_route=\/wp\/v2\/pages\/608\/revisions"}],"predecessor-version":[{"id":1448,"href":"https:\/\/constructoramcf.cl\/index.php?rest_route=\/wp\/v2\/pages\/608\/revisions\/1448"}],"wp:attachment":[{"href":"https:\/\/constructoramcf.cl\/index.php?rest_route=%2Fwp%2Fv2%2Fmedia&parent=608"}],"curies":[{"name":"wp","href":"https:\/\/api.w.org\/{rel}","templated":true}]}}