{"id":1382,"date":"2025-06-30T20:19:06","date_gmt":"2025-06-30T20:19:06","guid":{"rendered":"https:\/\/constructoramcf.cl\/?page_id=1382"},"modified":"2025-07-01T14:46:13","modified_gmt":"2025-07-01T14:46:13","slug":"cotiza-aqui","status":"publish","type":"page","link":"https:\/\/constructoramcf.cl\/?page_id=1382","title":{"rendered":"Cotiza Aqui"},"content":{"rendered":"\t\t<div data-elementor-type=\"wp-page\" data-elementor-id=\"1382\" class=\"elementor elementor-1382\">\n\t\t\t\t<div class=\"elementor-element elementor-element-2f318d7 e-flex e-con-boxed e-con e-parent\" data-id=\"2f318d7\" data-element_type=\"container\">\n\t\t\t\t\t<div class=\"e-con-inner\">\n\t\t\t\t<div class=\"elementor-element elementor-element-f86cf43 elementor-widget elementor-widget-wpforms\" data-id=\"f86cf43\" data-element_type=\"widget\" data-widget_type=\"wpforms.default\">\n\t\t\t\t<div class=\"elementor-widget-container\">\n\t\t\t\t\t<div class=\"wpforms-container wpforms-container-full wpforms-render-modern\" id=\"wpforms-1379\"><form id=\"wpforms-form-1379\" class=\"wpforms-validate wpforms-form wpforms-ajax-form\" data-formid=\"1379\" method=\"post\" enctype=\"multipart\/form-data\" action=\"\/index.php?rest_route=%2Fwp%2Fv2%2Fpages%2F1382\" data-token=\"ee04d59daf694a055f7df42d9df6a6dc\" data-token-time=\"1776356726\"><noscript class=\"wpforms-error-noscript\">Por favor, activa JavaScript en tu navegador para completar este formulario.<\/noscript><div class=\"wpforms-hidden\" id=\"wpforms-error-noscript\">Por favor, activa JavaScript en tu navegador para completar este formulario.<\/div><div class=\"wpforms-field-container\"><div id=\"wpforms-1379-field_1-container\" class=\"wpforms-field wpforms-field-name\" data-field-id=\"1\"><fieldset><legend class=\"wpforms-field-label\">Nombre completo<\/legend><div class=\"wpforms-field-row wpforms-field-medium\"><div class=\"wpforms-field-row-block wpforms-first wpforms-one-half\"><input type=\"text\" id=\"wpforms-1379-field_1\" class=\"wpforms-field-name-first\" name=\"wpforms[fields][1][first]\" aria-errormessage=\"wpforms-1379-field_1-error\" ><label for=\"wpforms-1379-field_1\" class=\"wpforms-field-sublabel after\">Nombre<\/label><\/div><div class=\"wpforms-field-row-block wpforms-one-half\"><input type=\"text\" id=\"wpforms-1379-field_1-last\" class=\"wpforms-field-name-last\" name=\"wpforms[fields][1][last]\" aria-errormessage=\"wpforms-1379-field_1-last-error\" ><label for=\"wpforms-1379-field_1-last\" class=\"wpforms-field-sublabel after\">Apellidos<\/label><\/div><\/div><\/fieldset><\/div><div id=\"wpforms-1379-field_2-container\" class=\"wpforms-field wpforms-field-email\" data-field-id=\"2\"><label class=\"wpforms-field-label\" for=\"wpforms-1379-field_2\">Correo electr\u00f3nico<\/label><input type=\"email\" id=\"wpforms-1379-field_2\" class=\"wpforms-field-medium\" name=\"wpforms[fields][2]\" spellcheck=\"false\" aria-errormessage=\"wpforms-1379-field_2-error\" ><\/div><div id=\"wpforms-1379-field_4-container\" class=\"wpforms-field wpforms-field-text\" data-field-id=\"4\"><label class=\"wpforms-field-label\" for=\"wpforms-1379-field_4\">Direcci\u00f3n del proyecto<\/label><input type=\"text\" id=\"wpforms-1379-field_4\" class=\"wpforms-field-medium\" name=\"wpforms[fields][4]\" aria-errormessage=\"wpforms-1379-field_4-error\" ><\/div>\t\t<div id=\"wpforms-1379-field_7-container\"\n\t\t\tclass=\"wpforms-field wpforms-field-text\"\n\t\t\tdata-field-type=\"text\"\n\t\t\tdata-field-id=\"7\"\n\t\t\t>\n\t\t\t<label class=\"wpforms-field-label\" for=\"wpforms-1379-field_7\" >proyecto Direcci\u00f3n electr\u00f3nico<\/label>\n\t\t\t<input type=\"text\" id=\"wpforms-1379-field_7\" class=\"wpforms-field-medium\" name=\"wpforms[fields][7]\" >\n\t\t<\/div>\n\t\t<div id=\"wpforms-1379-field_5-container\" class=\"wpforms-field wpforms-field-select wpforms-field-select-style-classic\" data-field-id=\"5\"><label class=\"wpforms-field-label\" for=\"wpforms-1379-field_5\">Tipo de servicio solicitado<\/label><select id=\"wpforms-1379-field_5\" class=\"wpforms-field-medium\" name=\"wpforms[fields][5]\"><option value=\"Construcci\u00f3n nueva\" >Construcci\u00f3n nueva<\/option><option value=\"Remodelaci\u00f3n\" >Remodelaci\u00f3n<\/option><option value=\"Ampliaci\u00f3n\" >Ampliaci\u00f3n<\/option><option value=\"Otro\" >Otro<\/option><\/select><\/div><div id=\"wpforms-1379-field_6-container\" class=\"wpforms-field wpforms-field-textarea\" data-field-id=\"6\"><label class=\"wpforms-field-label\" for=\"wpforms-1379-field_6\">Descripci\u00f3n del proyecto<\/label><textarea id=\"wpforms-1379-field_6\" class=\"wpforms-field-medium\" name=\"wpforms[fields][6]\" aria-errormessage=\"wpforms-1379-field_6-error\" ><\/textarea><\/div><script>\n\t\t\t\t( function() {\n\t\t\t\t\tconst style = document.createElement( 'style' );\n\t\t\t\t\tstyle.appendChild( document.createTextNode( '#wpforms-1379-field_7-container { position: absolute !important; overflow: hidden !important; display: inline !important; height: 1px !important; width: 1px !important; z-index: -1000 !important; padding: 0 !important; } #wpforms-1379-field_7-container input { visibility: hidden; } #wpforms-conversational-form-page #wpforms-1379-field_7-container label { counter-increment: none; }' ) );\n\t\t\t\t\tdocument.head.appendChild( style );\n\t\t\t\t\tdocument.currentScript?.remove();\n\t\t\t\t} )();\n\t\t\t<\/script><\/div><!-- .wpforms-field-container --><div class=\"wpforms-submit-container\" ><input type=\"hidden\" name=\"wpforms[id]\" value=\"1379\"><input type=\"hidden\" name=\"page_title\" value=\"\"><input type=\"hidden\" name=\"page_url\" value=\"https:\/\/constructoramcf.cl\/index.php?rest_route=\/wp\/v2\/pages\/1382\"><input type=\"hidden\" name=\"url_referer\" value=\"\"><button type=\"submit\" name=\"wpforms[submit]\" id=\"wpforms-submit-1379\" class=\"wpforms-submit\" data-alt-text=\"Enviando...\" data-submit-text=\"Solicitar Cotizaci\u00f3n\" aria-live=\"assertive\" value=\"wpforms-submit\">Solicitar Cotizaci\u00f3n<\/button><img decoding=\"async\" src=\"https:\/\/constructoramcf.cl\/wp-content\/plugins\/wpforms-lite\/assets\/images\/submit-spin.svg\" class=\"wpforms-submit-spinner\" style=\"display: none;\" width=\"26\" height=\"26\" alt=\"Cargando\"><\/div><\/form><\/div>  <!-- .wpforms-container -->\t\t\t\t<\/div>\n\t\t\t\t<\/div>\n\t\t\t\t\t<\/div>\n\t\t\t\t<\/div>\n\t\t\t\t<\/div>\n\t\t","protected":false},"excerpt":{"rendered":"<p>Por favor, activa JavaScript en tu navegador para completar este formulario.Por favor, activa JavaScript en tu navegador para completar este formulario. Nombre completo NombreApellidos Correo electr\u00f3nicoDirecci\u00f3n del proyectoTipo de servicio solicitadoConstrucci\u00f3n nuevaRemodelaci\u00f3nAmpliaci\u00f3nOtroDescripci\u00f3n del proyecto Solicitar Cotizaci\u00f3n<\/p>\n","protected":false},"author":1,"featured_media":0,"parent":0,"menu_order":0,"comment_status":"closed","ping_status":"closed","template":"","meta":{"_joinchat":[],"footnotes":""},"class_list":["post-1382","page","type-page","status-publish","hentry"],"_links":{"self":[{"href":"https:\/\/constructoramcf.cl\/index.php?rest_route=\/wp\/v2\/pages\/1382","targetHints":{"allow":["GET"]}}],"collection":[{"href":"https:\/\/constructoramcf.cl\/index.php?rest_route=\/wp\/v2\/pages"}],"about":[{"href":"https:\/\/constructoramcf.cl\/index.php?rest_route=\/wp\/v2\/types\/page"}],"author":[{"embeddable":true,"href":"https:\/\/constructoramcf.cl\/index.php?rest_route=\/wp\/v2\/users\/1"}],"replies":[{"embeddable":true,"href":"https:\/\/constructoramcf.cl\/index.php?rest_route=%2Fwp%2Fv2%2Fcomments&post=1382"}],"version-history":[{"count":4,"href":"https:\/\/constructoramcf.cl\/index.php?rest_route=\/wp\/v2\/pages\/1382\/revisions"}],"predecessor-version":[{"id":1416,"href":"https:\/\/constructoramcf.cl\/index.php?rest_route=\/wp\/v2\/pages\/1382\/revisions\/1416"}],"wp:attachment":[{"href":"https:\/\/constructoramcf.cl\/index.php?rest_route=%2Fwp%2Fv2%2Fmedia&parent=1382"}],"curies":[{"name":"wp","href":"https:\/\/api.w.org\/{rel}","templated":true}]}}