{"id":1018,"date":"2022-06-11T10:42:43","date_gmt":"2022-06-11T10:42:43","guid":{"rendered":"https:\/\/demo.themedraft.net\/wp\/doctio\/?page_id=1018"},"modified":"2025-07-01T14:54:45","modified_gmt":"2025-07-01T14:54:45","slug":"faqs","status":"publish","type":"page","link":"https:\/\/constructoramcf.cl\/?page_id=1018","title":{"rendered":"Proyectos"},"content":{"rendered":"\t\t<div data-elementor-type=\"wp-page\" data-elementor-id=\"1018\" class=\"elementor elementor-1018\">\n\t\t\t\t\t\t<section class=\"elementor-section elementor-top-section elementor-element elementor-element-306e113 elementor-section-stretched elementor-section-boxed elementor-section-height-default elementor-section-height-default\" data-id=\"306e113\" data-element_type=\"section\" data-settings=\"{&quot;stretch_section&quot;:&quot;section-stretched&quot;}\">\n\t\t\t\t\t\t<div class=\"elementor-container elementor-column-gap-default\">\n\t\t\t\t\t<div class=\"elementor-column elementor-col-50 elementor-top-column elementor-element elementor-element-4c7180a7\" data-id=\"4c7180a7\" data-element_type=\"column\">\n\t\t\t<div class=\"elementor-widget-wrap elementor-element-populated\">\n\t\t\t\t\t\t<div class=\"elementor-element elementor-element-61887144 elementor-widget elementor-widget-themedraft_section_title\" data-id=\"61887144\" data-element_type=\"widget\" data-widget_type=\"themedraft_section_title.default\">\n\t\t\t\t<div class=\"elementor-widget-container\">\n\t\t\t\t\t\n\t\t<div class=\"td-section-title-wrapper\">\n            <div class=\"td-section-title-content td-secondary-font\">\n                                    <div class=\"td-section-title-bg-text\">\n                        MCF                    <\/div>\n                \n                                    <div class=\"td-section-subtitle td-primary-color\">\n                        Conoce c\u00f3mo trabajamos, qu\u00e9 tipos de proyectos realizamos y c\u00f3mo garantizamos resultados eficientes.                    <\/div>\n                \n                                    <div class=\"td-section-title\">\n                        <h2>Preguntas Frecuentes sobre Nuestros Proyectos<\/h2>                    <\/div>\n                                        <div class=\"title-bottom-line\" style=\"background-image: url(https:\/\/demo.themedraft.net\/wp\/doctio\/wp-content\/uploads\/2022\/06\/line-1.png)\"><\/div>\n                                                <\/div>\n\t\t<\/div>\n\t\t\t\t\t\t<\/div>\n\t\t\t\t<\/div>\n\t\t\t\t<div class=\"elementor-element elementor-element-70f595bd elementor-widget elementor-widget-themeDraft_accordion\" data-id=\"70f595bd\" data-element_type=\"widget\" data-widget_type=\"themeDraft_accordion.default\">\n\t\t\t\t<div class=\"elementor-widget-container\">\n\t\t\t\t\t        <div class=\"td-accordion-wrapper td-accordion-wrapper-28481\">\n            <div class=\"accordion\" id=\"td-accordion-28481\">\n\n\t\t\t\t                        <div class=\"accordion-item\">\n                            <h2 class=\"accordion-header\">\n                                <button class=\"accordion-button \" type=\"button\" data-bs-toggle=\"collapse\" data-bs-target=\"#collapse-128481\" aria-expanded=\"true\" aria-controls=\"collapse-128481\">\n\t\t\t\t\t\t\t\t\t01. \u00bfQu\u00e9 tipo de proyectos ejecuta Constructora MCF?                                <\/button>\n                            <\/h2>\n\n                            <div id=\"collapse-128481\" class=\"accordion-collapse collapse show\" data-bs-parent=\"#td-accordion-28481\">\n                                <div class=\"accordion-body\">\n\t\t\t\t\t\t\t\t\t<p data-start=\"473\" data-end=\"676\"><strong data-start=\"473\" data-end=\"676\">Realizamos obras civiles, remodelaciones, habilitaciones comerciales e industriales, estructuras met\u00e1licas y m\u00e1s. Nos adaptamos a proyectos p\u00fablicos y privados, de diversas escalas y complejidades.<\/strong><\/p>                                <\/div>\n                            <\/div>\n                        <\/div>\n\t\t\t\t\t\t                        <div class=\"accordion-item\">\n                            <h2 class=\"accordion-header\">\n                                <button class=\"accordion-button collapsed\" type=\"button\" data-bs-toggle=\"collapse\" data-bs-target=\"#collapse-228481\" aria-expanded=\"false\" aria-controls=\"collapse-228481\">\n\t\t\t\t\t\t\t\t\t02. \u00bfPueden mostrar ejemplos de proyectos anteriores?                                <\/button>\n                            <\/h2>\n\n                            <div id=\"collapse-228481\" class=\"accordion-collapse collapse \" data-bs-parent=\"#td-accordion-28481\">\n                                <div class=\"accordion-body\">\n\t\t\t\t\t\t\t\t\t<p data-start=\"743\" data-end=\"946\"><strong data-start=\"743\" data-end=\"946\">S\u00ed. Contamos con un portafolio que refleja nuestra experiencia en distintas \u00e1reas de la construcci\u00f3n. Puedes revisarlo en esta misma secci\u00f3n para conocer la calidad y el alcance de nuestro trabajo.<\/strong><\/p>                                <\/div>\n                            <\/div>\n                        <\/div>\n\t\t\t\t\t\t                        <div class=\"accordion-item\">\n                            <h2 class=\"accordion-header\">\n                                <button class=\"accordion-button collapsed\" type=\"button\" data-bs-toggle=\"collapse\" data-bs-target=\"#collapse-328481\" aria-expanded=\"false\" aria-controls=\"collapse-328481\">\n\t\t\t\t\t\t\t\t\t03. \u00bfTrabajan solo como contratistas principales o tambi\u00e9n como subcontratistas?                                <\/button>\n                            <\/h2>\n\n                            <div id=\"collapse-328481\" class=\"accordion-collapse collapse \" data-bs-parent=\"#td-accordion-28481\">\n                                <div class=\"accordion-body\">\n\t\t\t\t\t\t\t\t\t<p data-start=\"1040\" data-end=\"1210\"><strong data-start=\"1040\" data-end=\"1210\">Ambas modalidades. Participamos como contratistas generales o apoyando proyectos como subcontratistas especializados en obras civiles, terminaciones, montaje y m\u00e1s.<\/strong><\/p>                                <\/div>\n                            <\/div>\n                        <\/div>\n\t\t\t\t\t\t                        <div class=\"accordion-item\">\n                            <h2 class=\"accordion-header\">\n                                <button class=\"accordion-button collapsed\" type=\"button\" data-bs-toggle=\"collapse\" data-bs-target=\"#collapse-428481\" aria-expanded=\"false\" aria-controls=\"collapse-428481\">\n\t\t\t\t\t\t\t\t\t04. \u00bfC\u00f3mo aseguran la calidad y cumplimiento en sus proyectos?                                <\/button>\n                            <\/h2>\n\n                            <div id=\"collapse-428481\" class=\"accordion-collapse collapse \" data-bs-parent=\"#td-accordion-28481\">\n                                <div class=\"accordion-body\">\n\t\t\t\t\t\t\t\t\t<p>A trav\u00e9s de un equipo t\u00e9cnico calificado, planificaci\u00f3n detallada, control de avances en obra y comunicaci\u00f3n constante con el cliente. Cada proyecto es supervisado bajo est\u00e1ndares rigurosos de calidad y seguridad.<\/p>                                <\/div>\n                            <\/div>\n                        <\/div>\n\t\t\t\t\t\t            <\/div>\n        <\/div>\n\t\t\t\t\t\t<\/div>\n\t\t\t\t<\/div>\n\t\t\t\t\t<\/div>\n\t\t<\/div>\n\t\t\t\t<div class=\"elementor-column elementor-col-50 elementor-top-column elementor-element elementor-element-f4ef68e\" data-id=\"f4ef68e\" data-element_type=\"column\">\n\t\t\t<div class=\"elementor-widget-wrap elementor-element-populated\">\n\t\t\t\t\t\t<div class=\"elementor-element elementor-element-1b7526b6 elementor-widget elementor-widget-themedraft_image_with_caption\" data-id=\"1b7526b6\" data-element_type=\"widget\" data-widget_type=\"themedraft_image_with_caption.default\">\n\t\t\t\t<div class=\"elementor-widget-container\">\n\t\t\t\t\t\n\t\t<div class=\"td-img-caption-wrapper td-secondary-font\">\n            <div class=\"td-caption-images\">\n                <div class=\"td-caption-img-one td-cover-bg\" style=\"background-image: url(https:\/\/constructoramcf.cl\/wp-content\/uploads\/2025\/06\/30-scaled.jpeg)\"><\/div>\n                <div class=\"td-caption-img-two td-cover-bg\" style=\"background-image: url(https:\/\/constructoramcf.cl\/wp-content\/uploads\/2025\/06\/35-scaled.jpeg)\"><\/div>\n\n                <div class=\"td-img-caption\">\n                    <span>10<\/span>A\u00f1os de experiencia en el mercado                <\/div>\n            <\/div>\n\t\t<\/div>\n\n\t\t\t\t\t\t<\/div>\n\t\t\t\t<\/div>\n\t\t\t\t\t<\/div>\n\t\t<\/div>\n\t\t\t\t\t<\/div>\n\t\t<\/section>\n\t\t\t\t<section class=\"elementor-section elementor-top-section elementor-element elementor-element-68794fdd elementor-section-stretched elementor-section-boxed elementor-section-height-default elementor-section-height-default\" data-id=\"68794fdd\" data-element_type=\"section\" data-settings=\"{&quot;stretch_section&quot;:&quot;section-stretched&quot;}\">\n\t\t\t\t\t\t<div class=\"elementor-container elementor-column-gap-default\">\n\t\t\t\t\t<div class=\"elementor-column elementor-col-100 elementor-top-column elementor-element elementor-element-730d95f8\" data-id=\"730d95f8\" data-element_type=\"column\">\n\t\t\t<div class=\"elementor-widget-wrap elementor-element-populated\">\n\t\t\t\t\t\t<div class=\"elementor-element elementor-element-5620ae4 elementor-widget elementor-widget-themedraft_section_title\" data-id=\"5620ae4\" data-element_type=\"widget\" data-widget_type=\"themedraft_section_title.default\">\n\t\t\t\t<div class=\"elementor-widget-container\">\n\t\t\t\t\t\n\t\t<div class=\"td-section-title-wrapper\">\n            <div class=\"td-section-title-content td-secondary-font\">\n                                    <div class=\"td-section-title-bg-text\">\n                        MCF                    <\/div>\n                \n                                    <div class=\"td-section-subtitle td-primary-color\">\n                        Resolvemos tus proyectos con experiencia, compromiso y resultados concretos. Aqu\u00ed respondemos las principales dudas de quienes nos eligen como su aliado en construcci\u00f3n.                    <\/div>\n                \n                                    <div class=\"td-section-title\">\n                        <h2>\u00bfPor qu\u00e9 trabajar con Constructora MCF?<\/h2>                    <\/div>\n                                        <div class=\"title-bottom-line\" style=\"background-image: url(https:\/\/demo.themedraft.net\/wp\/doctio\/wp-content\/uploads\/2022\/06\/line-1.png)\"><\/div>\n                                                <\/div>\n\t\t<\/div>\n\t\t\t\t\t\t<\/div>\n\t\t\t\t<\/div>\n\t\t\t\t\t<\/div>\n\t\t<\/div>\n\t\t\t\t\t<\/div>\n\t\t<\/section>\n\t\t\t\t<section class=\"elementor-section elementor-top-section elementor-element elementor-element-4de76471 elementor-section-stretched elementor-section-boxed elementor-section-height-default elementor-section-height-default\" data-id=\"4de76471\" data-element_type=\"section\" data-settings=\"{&quot;stretch_section&quot;:&quot;section-stretched&quot;}\">\n\t\t\t\t\t\t<div class=\"elementor-container elementor-column-gap-default\">\n\t\t\t\t\t<div class=\"elementor-column elementor-col-50 elementor-top-column elementor-element elementor-element-1731544b\" data-id=\"1731544b\" data-element_type=\"column\">\n\t\t\t<div class=\"elementor-widget-wrap elementor-element-populated\">\n\t\t\t\t\t\t<div class=\"elementor-element elementor-element-299808ea elementor-widget elementor-widget-themeDraft_accordion\" data-id=\"299808ea\" data-element_type=\"widget\" data-widget_type=\"themeDraft_accordion.default\">\n\t\t\t\t<div class=\"elementor-widget-container\">\n\t\t\t\t\t        <div class=\"td-accordion-wrapper td-accordion-wrapper-95715\">\n            <div class=\"accordion\" id=\"td-accordion-95715\">\n\n\t\t\t\t                        <div class=\"accordion-item\">\n                            <h2 class=\"accordion-header\">\n                                <button class=\"accordion-button \" type=\"button\" data-bs-toggle=\"collapse\" data-bs-target=\"#collapse-195715\" aria-expanded=\"true\" aria-controls=\"collapse-195715\">\n\t\t\t\t\t\t\t\t\t01.  \u00bfPor qu\u00e9 trabajar con Constructora MCF?                                <\/button>\n                            <\/h2>\n\n                            <div id=\"collapse-195715\" class=\"accordion-collapse collapse show\" data-bs-parent=\"#td-accordion-95715\">\n                                <div class=\"accordion-body\">\n\t\t\t\t\t\t\t\t\t<p data-start=\"283\" data-end=\"456\"><strong data-start=\"283\" data-end=\"456\">Resolvemos tus proyectos con experiencia, compromiso y resultados concretos. Aqu\u00ed respondemos las principales dudas de quienes nos eligen como su aliado en construcci\u00f3n.<\/strong><\/p>                                <\/div>\n                            <\/div>\n                        <\/div>\n\t\t\t\t\t\t                        <div class=\"accordion-item\">\n                            <h2 class=\"accordion-header\">\n                                <button class=\"accordion-button collapsed\" type=\"button\" data-bs-toggle=\"collapse\" data-bs-target=\"#collapse-295715\" aria-expanded=\"false\" aria-controls=\"collapse-295715\">\n\t\t\t\t\t\t\t\t\t02. \u00bfQu\u00e9 experiencia tiene Constructora MCF en el rubro?                                <\/button>\n                            <\/h2>\n\n                            <div id=\"collapse-295715\" class=\"accordion-collapse collapse \" data-bs-parent=\"#td-accordion-95715\">\n                                <div class=\"accordion-body\">\n\t\t\t\t\t\t\t\t\t<p data-start=\"526\" data-end=\"671\"><strong data-start=\"526\" data-end=\"671\">Contamos con una s\u00f3lida trayectoria en construcci\u00f3n de obras civiles, remodelaciones, habilitaciones comerciales y montajes especializados.<\/strong><\/p>                                <\/div>\n                            <\/div>\n                        <\/div>\n\t\t\t\t\t\t                        <div class=\"accordion-item\">\n                            <h2 class=\"accordion-header\">\n                                <button class=\"accordion-button collapsed\" type=\"button\" data-bs-toggle=\"collapse\" data-bs-target=\"#collapse-395715\" aria-expanded=\"false\" aria-controls=\"collapse-395715\">\n\t\t\t\t\t\t\t\t\t03. \u00bfCon qu\u00e9 tipo de clientes trabajan?                                <\/button>\n                            <\/h2>\n\n                            <div id=\"collapse-395715\" class=\"accordion-collapse collapse \" data-bs-parent=\"#td-accordion-95715\">\n                                <div class=\"accordion-body\">\n\t\t\t\t\t\t\t\t\t<p>Trabajamos con empresas del sector p\u00fablico y privado, constructoras, inmobiliarias y comercios que necesitan soluciones constructivas eficientes y seguras.<\/p>                                <\/div>\n                            <\/div>\n                        <\/div>\n\t\t\t\t\t\t                        <div class=\"accordion-item\">\n                            <h2 class=\"accordion-header\">\n                                <button class=\"accordion-button collapsed\" type=\"button\" data-bs-toggle=\"collapse\" data-bs-target=\"#collapse-495715\" aria-expanded=\"false\" aria-controls=\"collapse-495715\">\n\t\t\t\t\t\t\t\t\t04. \u00bfPueden adaptarse a proyectos peque\u00f1os o de alta exigencia t\u00e9cnica?\n                                <\/button>\n                            <\/h2>\n\n                            <div id=\"collapse-495715\" class=\"accordion-collapse collapse \" data-bs-parent=\"#td-accordion-95715\">\n                                <div class=\"accordion-body\">\n\t\t\t\t\t\t\t\t\t<p data-start=\"1176\" data-end=\"1297\"><strong data-start=\"1176\" data-end=\"1297\">S\u00ed. Nos adaptamos a proyectos de distinta escala, aportando soluciones pr\u00e1cticas y un equipo t\u00e9cnico experimentado.<\/strong><\/p>                                <\/div>\n                            <\/div>\n                        <\/div>\n\t\t\t\t\t\t            <\/div>\n        <\/div>\n\t\t\t\t\t\t<\/div>\n\t\t\t\t<\/div>\n\t\t\t\t\t<\/div>\n\t\t<\/div>\n\t\t\t\t<div class=\"elementor-column elementor-col-50 elementor-top-column elementor-element elementor-element-62f08d02\" data-id=\"62f08d02\" data-element_type=\"column\">\n\t\t\t<div class=\"elementor-widget-wrap elementor-element-populated\">\n\t\t\t\t\t\t<div class=\"elementor-element elementor-element-552bc6db elementor-widget elementor-widget-themeDraft_accordion\" data-id=\"552bc6db\" data-element_type=\"widget\" data-widget_type=\"themeDraft_accordion.default\">\n\t\t\t\t<div class=\"elementor-widget-container\">\n\t\t\t\t\t        <div class=\"td-accordion-wrapper td-accordion-wrapper-84941\">\n            <div class=\"accordion\" id=\"td-accordion-84941\">\n\n\t\t\t\t                        <div class=\"accordion-item\">\n                            <h2 class=\"accordion-header\">\n                                <button class=\"accordion-button \" type=\"button\" data-bs-toggle=\"collapse\" data-bs-target=\"#collapse-184941\" aria-expanded=\"true\" aria-controls=\"collapse-184941\">\n\t\t\t\t\t\t\t\t\t01. \u00bfC\u00f3mo garantizan el cumplimiento de plazos?                                <\/button>\n                            <\/h2>\n\n                            <div id=\"collapse-184941\" class=\"accordion-collapse collapse show\" data-bs-parent=\"#td-accordion-84941\">\n                                <div class=\"accordion-body\">\n\t\t\t\t\t\t\t\t\t<p data-start=\"1358\" data-end=\"1508\"><strong data-start=\"1358\" data-end=\"1508\"> A trav\u00e9s de una planificaci\u00f3n detallada, seguimiento en obra y una gesti\u00f3n eficiente de recursos, minimizando imprevistos y optimizando tiempos.<\/strong><\/p>                                <\/div>\n                            <\/div>\n                        <\/div>\n\t\t\t\t\t\t                        <div class=\"accordion-item\">\n                            <h2 class=\"accordion-header\">\n                                <button class=\"accordion-button collapsed\" type=\"button\" data-bs-toggle=\"collapse\" data-bs-target=\"#collapse-284941\" aria-expanded=\"false\" aria-controls=\"collapse-284941\">\n\t\t\t\t\t\t\t\t\t02.  \u00bfCuentan con profesionales propios o subcontratan todo?                                <\/button>\n                            <\/h2>\n\n                            <div id=\"collapse-284941\" class=\"accordion-collapse collapse \" data-bs-parent=\"#td-accordion-84941\">\n                                <div class=\"accordion-body\">\n\t\t\t\t\t\t\t\t\t<p data-start=\"1581\" data-end=\"1736\"><strong data-start=\"1581\" data-end=\"1736\">Contamos con personal t\u00e9cnico propio y, cuando el proyecto lo requiere, trabajamos con subcontratistas certificados bajo nuestra supervisi\u00f3n directa.<\/strong><\/p>                                <\/div>\n                            <\/div>\n                        <\/div>\n\t\t\t\t\t\t                        <div class=\"accordion-item\">\n                            <h2 class=\"accordion-header\">\n                                <button class=\"accordion-button collapsed\" type=\"button\" data-bs-toggle=\"collapse\" data-bs-target=\"#collapse-384941\" aria-expanded=\"false\" aria-controls=\"collapse-384941\">\n\t\t\t\t\t\t\t\t\t03. \u00bfQu\u00e9 tipo de acompa\u00f1amiento ofrecen durante el proyecto?                                <\/button>\n                            <\/h2>\n\n                            <div id=\"collapse-384941\" class=\"accordion-collapse collapse \" data-bs-parent=\"#td-accordion-84941\">\n                                <div class=\"accordion-body\">\n\t\t\t\t\t\t\t\t\t<p data-start=\"1810\" data-end=\"1962\"><strong data-start=\"1810\" data-end=\"1962\"> Mantenemos una comunicaci\u00f3n constante con el cliente, entregando avances, resolviendo dudas y ajust\u00e1ndonos a necesidades espec\u00edficas del proyecto.<\/strong><\/p>                                <\/div>\n                            <\/div>\n                        <\/div>\n\t\t\t\t\t\t                        <div class=\"accordion-item\">\n                            <h2 class=\"accordion-header\">\n                                <button class=\"accordion-button collapsed\" type=\"button\" data-bs-toggle=\"collapse\" data-bs-target=\"#collapse-484941\" aria-expanded=\"false\" aria-controls=\"collapse-484941\">\n\t\t\t\t\t\t\t\t\t04.  \u00bfC\u00f3mo puedo solicitar una cotizaci\u00f3n o reuni\u00f3n?                                <\/button>\n                            <\/h2>\n\n                            <div id=\"collapse-484941\" class=\"accordion-collapse collapse \" data-bs-parent=\"#td-accordion-84941\">\n                                <div class=\"accordion-body\">\n\t\t\t\t\t\t\t\t\t<p data-start=\"2027\" data-end=\"2167\"><strong data-start=\"2027\" data-end=\"2167\"> Puedes hacerlo directamente a trav\u00e9s de nuestro formulario de contacto, correo o tel\u00e9fono. Respondemos de forma \u00e1gil y sin compromiso.<\/strong><\/p>                                <\/div>\n                            <\/div>\n                        <\/div>\n\t\t\t\t\t\t            <\/div>\n        <\/div>\n\t\t\t\t\t\t<\/div>\n\t\t\t\t<\/div>\n\t\t\t\t\t<\/div>\n\t\t<\/div>\n\t\t\t\t\t<\/div>\n\t\t<\/section>\n\t\t\t\t<\/div>\n\t\t","protected":false},"excerpt":{"rendered":"<p>MCF Conoce c\u00f3mo trabajamos, qu\u00e9 tipos de proyectos realizamos y c\u00f3mo garantizamos resultados eficientes. Preguntas Frecuentes sobre Nuestros Proyectos 01. \u00bfQu\u00e9 tipo de proyectos ejecuta Constructora MCF? Realizamos obras civiles, remodelaciones, habilitaciones comerciales e industriales, estructuras met\u00e1licas y m\u00e1s. Nos adaptamos a proyectos p\u00fablicos y privados, de diversas escalas y complejidades. 02. \u00bfPueden mostrar ejemplos [&hellip;]<\/p>\n","protected":false},"author":1,"featured_media":0,"parent":0,"menu_order":0,"comment_status":"closed","ping_status":"closed","template":"","meta":{"_joinchat":[],"footnotes":""},"class_list":["post-1018","page","type-page","status-publish","hentry"],"_links":{"self":[{"href":"https:\/\/constructoramcf.cl\/index.php?rest_route=\/wp\/v2\/pages\/1018","targetHints":{"allow":["GET"]}}],"collection":[{"href":"https:\/\/constructoramcf.cl\/index.php?rest_route=\/wp\/v2\/pages"}],"about":[{"href":"https:\/\/constructoramcf.cl\/index.php?rest_route=\/wp\/v2\/types\/page"}],"author":[{"embeddable":true,"href":"https:\/\/constructoramcf.cl\/index.php?rest_route=\/wp\/v2\/users\/1"}],"replies":[{"embeddable":true,"href":"https:\/\/constructoramcf.cl\/index.php?rest_route=%2Fwp%2Fv2%2Fcomments&post=1018"}],"version-history":[{"count":40,"href":"https:\/\/constructoramcf.cl\/index.php?rest_route=\/wp\/v2\/pages\/1018\/revisions"}],"predecessor-version":[{"id":1419,"href":"https:\/\/constructoramcf.cl\/index.php?rest_route=\/wp\/v2\/pages\/1018\/revisions\/1419"}],"wp:attachment":[{"href":"https:\/\/constructoramcf.cl\/index.php?rest_route=%2Fwp%2Fv2%2Fmedia&parent=1018"}],"curies":[{"name":"wp","href":"https:\/\/api.w.org\/{rel}","templated":true}]}}